{"id":6042,"date":"2024-12-18T21:24:31","date_gmt":"2024-12-18T19:24:31","guid":{"rendered":"https:\/\/santosinurrieta.com\/obra-suite-menut\/"},"modified":"2025-08-03T17:03:15","modified_gmt":"2025-08-03T15:03:15","slug":"obra-suite-menut","status":"publish","type":"page","link":"https:\/\/santosinurrieta.com\/ca\/obra-suite-menut\/","title":{"rendered":"Obra &#8211; Suite Menut"},"content":{"rendered":"<div class=\"wpb-content-wrapper\">[vc_section full_height=&#8221;yes&#8221; css=&#8221;.vc_custom_1738226998530{padding-top: 50px !important;padding-bottom: 50px !important;}&#8221; el_id=&#8221;obra&#8221;][vc_row][vc_column][vc_column_text css=&#8221;&#8221; el_class=&#8221;titol-seccio&#8221;]\n<h1>Suite Menut<\/h1>\n[\/vc_column_text]<div class=\"wpex-post-cards wpex-post-cards-template_448 wpb-animate-in-sequence wpex-relative\"><div class=\"wpex-post-cards-inner\"><\/div><\/div>[\/vc_column][\/vc_row][\/vc_section]\n<\/div>","protected":false},"excerpt":{"rendered":"<p>[vc_section full_height=&#8221;yes&#8221; css=&#8221;.vc_custom_1738226998530{padding-top: 50px !important;padding-bottom: 50px !important;}&#8221; el_id=&#8221;obra&#8221;][vc_row][vc_column][vc_column_text css=&#8221;&#8221; el_class=&#8221;titol-seccio&#8221;] Suite Menut [\/vc_column_text][\/vc_column][\/vc_row][\/vc_section]<\/p>\n","protected":false},"author":1,"featured_media":5004,"parent":0,"menu_order":0,"comment_status":"closed","ping_status":"closed","template":"","meta":{"inline_featured_image":false,"footnotes":""},"class_list":["post-6042","page","type-page","status-publish","has-post-thumbnail","hentry","entry","has-media"],"yoast_head":"<!-- This site is optimized with the Yoast SEO plugin v27.4 - https:\/\/yoast.com\/product\/yoast-seo-wordpress\/ -->\n<title>SANTOS I\u00d1URRIETA - S\u00e8rie Suite Menut<\/title>\n<meta name=\"description\" content=\"Santos I\u00f1urrieta - S\u00e8rie Suite Menut - T\u00e8cnica mixta sobre paper\" \/>\n<meta name=\"robots\" content=\"index, follow, max-snippet:-1, max-image-preview:large, max-video-preview:-1\" \/>\n<link rel=\"canonical\" href=\"https:\/\/santosinurrieta.com\/ca\/obra-suite-menut\/\" \/>\n<meta property=\"og:locale\" content=\"ca_ES\" \/>\n<meta property=\"og:type\" content=\"article\" \/>\n<meta property=\"og:title\" content=\"SANTOS I\u00d1URRIETA - S\u00e8rie Suite Menut\" \/>\n<meta property=\"og:description\" content=\"Santos I\u00f1urrieta - S\u00e8rie Suite Menut - T\u00e8cnica mixta sobre paper\" \/>\n<meta property=\"og:url\" content=\"https:\/\/santosinurrieta.com\/ca\/obra-suite-menut\/\" \/>\n<meta property=\"og:site_name\" content=\"SANTOS I\u00d1URRIETA\" \/>\n<meta property=\"article:modified_time\" content=\"2025-08-03T15:03:15+00:00\" \/>\n<meta property=\"og:image\" content=\"https:\/\/santosinurrieta.com\/wp-content\/uploads\/2024\/12\/santos-inurrieta-web.jpg\" \/>\n\t<meta property=\"og:image:width\" content=\"511\" \/>\n\t<meta property=\"og:image:height\" content=\"511\" \/>\n\t<meta property=\"og:image:type\" content=\"image\/jpeg\" \/>\n<meta name=\"twitter:card\" content=\"summary_large_image\" \/>\n<script type=\"application\/ld+json\" class=\"yoast-schema-graph\">{\"@context\":\"https:\\\/\\\/schema.org\",\"@graph\":[{\"@type\":\"WebPage\",\"@id\":\"https:\\\/\\\/santosinurrieta.com\\\/ca\\\/obra-suite-menut\\\/\",\"url\":\"https:\\\/\\\/santosinurrieta.com\\\/ca\\\/obra-suite-menut\\\/\",\"name\":\"SANTOS I\u00d1URRIETA - S\u00e8rie Suite Menut\",\"isPartOf\":{\"@id\":\"https:\\\/\\\/santosinurrieta.com\\\/ca\\\/#website\"},\"primaryImageOfPage\":{\"@id\":\"https:\\\/\\\/santosinurrieta.com\\\/ca\\\/obra-suite-menut\\\/#primaryimage\"},\"image\":{\"@id\":\"https:\\\/\\\/santosinurrieta.com\\\/ca\\\/obra-suite-menut\\\/#primaryimage\"},\"thumbnailUrl\":\"https:\\\/\\\/santosinurrieta.com\\\/wp-content\\\/uploads\\\/2024\\\/12\\\/santos-inurrieta-web.jpg\",\"datePublished\":\"2024-12-18T19:24:31+00:00\",\"dateModified\":\"2025-08-03T15:03:15+00:00\",\"description\":\"Santos I\u00f1urrieta - S\u00e8rie Suite Menut - T\u00e8cnica mixta sobre paper\",\"breadcrumb\":{\"@id\":\"https:\\\/\\\/santosinurrieta.com\\\/ca\\\/obra-suite-menut\\\/#breadcrumb\"},\"inLanguage\":\"ca\",\"potentialAction\":[{\"@type\":\"ReadAction\",\"target\":[\"https:\\\/\\\/santosinurrieta.com\\\/ca\\\/obra-suite-menut\\\/\"]}]},{\"@type\":\"ImageObject\",\"inLanguage\":\"ca\",\"@id\":\"https:\\\/\\\/santosinurrieta.com\\\/ca\\\/obra-suite-menut\\\/#primaryimage\",\"url\":\"https:\\\/\\\/santosinurrieta.com\\\/wp-content\\\/uploads\\\/2024\\\/12\\\/santos-inurrieta-web.jpg\",\"contentUrl\":\"https:\\\/\\\/santosinurrieta.com\\\/wp-content\\\/uploads\\\/2024\\\/12\\\/santos-inurrieta-web.jpg\",\"width\":511,\"height\":511},{\"@type\":\"BreadcrumbList\",\"@id\":\"https:\\\/\\\/santosinurrieta.com\\\/ca\\\/obra-suite-menut\\\/#breadcrumb\",\"itemListElement\":[{\"@type\":\"ListItem\",\"position\":1,\"name\":\"Inici\",\"item\":\"https:\\\/\\\/santosinurrieta.com\\\/ca\\\/inici\\\/\"},{\"@type\":\"ListItem\",\"position\":2,\"name\":\"Obra &#8211; Suite Menut\"}]},{\"@type\":\"WebSite\",\"@id\":\"https:\\\/\\\/santosinurrieta.com\\\/ca\\\/#website\",\"url\":\"https:\\\/\\\/santosinurrieta.com\\\/ca\\\/\",\"name\":\"Santos I\u00f1urrieta\",\"description\":\"Pintura\",\"publisher\":{\"@id\":\"https:\\\/\\\/santosinurrieta.com\\\/ca\\\/#organization\"},\"potentialAction\":[{\"@type\":\"SearchAction\",\"target\":{\"@type\":\"EntryPoint\",\"urlTemplate\":\"https:\\\/\\\/santosinurrieta.com\\\/ca\\\/?s={search_term_string}\"},\"query-input\":{\"@type\":\"PropertyValueSpecification\",\"valueRequired\":true,\"valueName\":\"search_term_string\"}}],\"inLanguage\":\"ca\"},{\"@type\":\"Organization\",\"@id\":\"https:\\\/\\\/santosinurrieta.com\\\/ca\\\/#organization\",\"name\":\"Santos I\u00f1urrieta\",\"url\":\"https:\\\/\\\/santosinurrieta.com\\\/ca\\\/\",\"logo\":{\"@type\":\"ImageObject\",\"inLanguage\":\"ca\",\"@id\":\"https:\\\/\\\/santosinurrieta.com\\\/ca\\\/#\\\/schema\\\/logo\\\/image\\\/\",\"url\":\"https:\\\/\\\/santosinurrieta.com\\\/wp-content\\\/uploads\\\/2024\\\/12\\\/santos-inurrieta-web.jpg\",\"contentUrl\":\"https:\\\/\\\/santosinurrieta.com\\\/wp-content\\\/uploads\\\/2024\\\/12\\\/santos-inurrieta-web.jpg\",\"width\":511,\"height\":511,\"caption\":\"Santos I\u00f1urrieta\"},\"image\":{\"@id\":\"https:\\\/\\\/santosinurrieta.com\\\/ca\\\/#\\\/schema\\\/logo\\\/image\\\/\"},\"sameAs\":[\"https:\\\/\\\/www.instagram.com\\\/santos_inurrieta\\\/\"]}]}<\/script>\n<!-- \/ Yoast SEO plugin. -->","yoast_head_json":{"title":"SANTOS I\u00d1URRIETA - S\u00e8rie Suite Menut","description":"Santos I\u00f1urrieta - S\u00e8rie Suite Menut - T\u00e8cnica mixta sobre paper","robots":{"index":"index","follow":"follow","max-snippet":"max-snippet:-1","max-image-preview":"max-image-preview:large","max-video-preview":"max-video-preview:-1"},"canonical":"https:\/\/santosinurrieta.com\/ca\/obra-suite-menut\/","og_locale":"ca_ES","og_type":"article","og_title":"SANTOS I\u00d1URRIETA - S\u00e8rie Suite Menut","og_description":"Santos I\u00f1urrieta - S\u00e8rie Suite Menut - T\u00e8cnica mixta sobre paper","og_url":"https:\/\/santosinurrieta.com\/ca\/obra-suite-menut\/","og_site_name":"SANTOS I\u00d1URRIETA","article_modified_time":"2025-08-03T15:03:15+00:00","og_image":[{"width":511,"height":511,"url":"https:\/\/santosinurrieta.com\/wp-content\/uploads\/2024\/12\/santos-inurrieta-web.jpg","type":"image\/jpeg"}],"twitter_card":"summary_large_image","schema":{"@context":"https:\/\/schema.org","@graph":[{"@type":"WebPage","@id":"https:\/\/santosinurrieta.com\/ca\/obra-suite-menut\/","url":"https:\/\/santosinurrieta.com\/ca\/obra-suite-menut\/","name":"SANTOS I\u00d1URRIETA - S\u00e8rie Suite Menut","isPartOf":{"@id":"https:\/\/santosinurrieta.com\/ca\/#website"},"primaryImageOfPage":{"@id":"https:\/\/santosinurrieta.com\/ca\/obra-suite-menut\/#primaryimage"},"image":{"@id":"https:\/\/santosinurrieta.com\/ca\/obra-suite-menut\/#primaryimage"},"thumbnailUrl":"https:\/\/santosinurrieta.com\/wp-content\/uploads\/2024\/12\/santos-inurrieta-web.jpg","datePublished":"2024-12-18T19:24:31+00:00","dateModified":"2025-08-03T15:03:15+00:00","description":"Santos I\u00f1urrieta - S\u00e8rie Suite Menut - T\u00e8cnica mixta sobre paper","breadcrumb":{"@id":"https:\/\/santosinurrieta.com\/ca\/obra-suite-menut\/#breadcrumb"},"inLanguage":"ca","potentialAction":[{"@type":"ReadAction","target":["https:\/\/santosinurrieta.com\/ca\/obra-suite-menut\/"]}]},{"@type":"ImageObject","inLanguage":"ca","@id":"https:\/\/santosinurrieta.com\/ca\/obra-suite-menut\/#primaryimage","url":"https:\/\/santosinurrieta.com\/wp-content\/uploads\/2024\/12\/santos-inurrieta-web.jpg","contentUrl":"https:\/\/santosinurrieta.com\/wp-content\/uploads\/2024\/12\/santos-inurrieta-web.jpg","width":511,"height":511},{"@type":"BreadcrumbList","@id":"https:\/\/santosinurrieta.com\/ca\/obra-suite-menut\/#breadcrumb","itemListElement":[{"@type":"ListItem","position":1,"name":"Inici","item":"https:\/\/santosinurrieta.com\/ca\/inici\/"},{"@type":"ListItem","position":2,"name":"Obra &#8211; Suite Menut"}]},{"@type":"WebSite","@id":"https:\/\/santosinurrieta.com\/ca\/#website","url":"https:\/\/santosinurrieta.com\/ca\/","name":"Santos I\u00f1urrieta","description":"Pintura","publisher":{"@id":"https:\/\/santosinurrieta.com\/ca\/#organization"},"potentialAction":[{"@type":"SearchAction","target":{"@type":"EntryPoint","urlTemplate":"https:\/\/santosinurrieta.com\/ca\/?s={search_term_string}"},"query-input":{"@type":"PropertyValueSpecification","valueRequired":true,"valueName":"search_term_string"}}],"inLanguage":"ca"},{"@type":"Organization","@id":"https:\/\/santosinurrieta.com\/ca\/#organization","name":"Santos I\u00f1urrieta","url":"https:\/\/santosinurrieta.com\/ca\/","logo":{"@type":"ImageObject","inLanguage":"ca","@id":"https:\/\/santosinurrieta.com\/ca\/#\/schema\/logo\/image\/","url":"https:\/\/santosinurrieta.com\/wp-content\/uploads\/2024\/12\/santos-inurrieta-web.jpg","contentUrl":"https:\/\/santosinurrieta.com\/wp-content\/uploads\/2024\/12\/santos-inurrieta-web.jpg","width":511,"height":511,"caption":"Santos I\u00f1urrieta"},"image":{"@id":"https:\/\/santosinurrieta.com\/ca\/#\/schema\/logo\/image\/"},"sameAs":["https:\/\/www.instagram.com\/santos_inurrieta\/"]}]}},"_links":{"self":[{"href":"https:\/\/santosinurrieta.com\/ca\/wp-json\/wp\/v2\/pages\/6042","targetHints":{"allow":["GET"]}}],"collection":[{"href":"https:\/\/santosinurrieta.com\/ca\/wp-json\/wp\/v2\/pages"}],"about":[{"href":"https:\/\/santosinurrieta.com\/ca\/wp-json\/wp\/v2\/types\/page"}],"author":[{"embeddable":true,"href":"https:\/\/santosinurrieta.com\/ca\/wp-json\/wp\/v2\/users\/1"}],"replies":[{"embeddable":true,"href":"https:\/\/santosinurrieta.com\/ca\/wp-json\/wp\/v2\/comments?post=6042"}],"version-history":[{"count":1,"href":"https:\/\/santosinurrieta.com\/ca\/wp-json\/wp\/v2\/pages\/6042\/revisions"}],"predecessor-version":[{"id":6043,"href":"https:\/\/santosinurrieta.com\/ca\/wp-json\/wp\/v2\/pages\/6042\/revisions\/6043"}],"wp:featuredmedia":[{"embeddable":true,"href":"https:\/\/santosinurrieta.com\/ca\/wp-json\/wp\/v2\/media\/5004"}],"wp:attachment":[{"href":"https:\/\/santosinurrieta.com\/ca\/wp-json\/wp\/v2\/media?parent=6042"}],"curies":[{"name":"wp","href":"https:\/\/api.w.org\/{rel}","templated":true}]}}