{"id":5008,"date":"2025-06-11T16:59:09","date_gmt":"2025-06-11T14:59:09","guid":{"rendered":"https:\/\/santosinurrieta.com\/retrospectiva\/"},"modified":"2025-08-21T20:47:59","modified_gmt":"2025-08-21T18:47:59","slug":"retrospectiva","status":"publish","type":"page","link":"https:\/\/santosinurrieta.com\/ca\/retrospectiva\/","title":{"rendered":"Retrospectiva"},"content":{"rendered":"<div class=\"wpb-content-wrapper\">[vc_section full_height=&#8221;yes&#8221; css=&#8221;.vc_custom_1749661051105{padding-top: 50px !important;padding-bottom: 50px !important;}&#8221; el_id=&#8221;retrospectiva&#8221;][vc_row][vc_column css_animation=&#8221;none&#8221;][vc_column_text css=&#8221;&#8221; el_class=&#8221;titol-seccio&#8221;]\n<h1>Retrospectiva<\/h1>\n[\/vc_column_text][\/vc_column][\/vc_row][vc_row full_width=&#8221;stretch_row_content_no_spaces&#8221;][vc_column css_animation=&#8221;none&#8221;]<nav class=\"vcex-navbar vcex-module vcex-navbar-sticky wpex-transition-opacity wpex-duration-300 vcex-navbar-sticky-offset wpex-ls-offset align-center wpex-text-center menu-retrospectiva\"><div class=\"vcex-navbar-inner wpex-clr wpex-last-mr-0 container visible-desktop\"><a href=\"#sesentas\" class=\"vcex-navbar-link vcex-navbar-link--3453 wpex-inline-block wpex-mr-5 wpex-mb-5 theme-txt-link local-scroll\"><span class=\"vcex-navbar-link-text\">60's<\/span><\/a><a href=\"#setentas\" class=\"vcex-navbar-link vcex-navbar-link--3454 wpex-inline-block wpex-mr-5 wpex-mb-5 theme-txt-link local-scroll\"><span class=\"vcex-navbar-link-text\">70's<\/span><\/a><a href=\"#ochentas\" class=\"vcex-navbar-link vcex-navbar-link--3455 wpex-inline-block wpex-mr-5 wpex-mb-5 theme-txt-link local-scroll\"><span class=\"vcex-navbar-link-text\">80's<\/span><\/a><a href=\"#noventas\" class=\"vcex-navbar-link vcex-navbar-link--3456 wpex-inline-block wpex-mr-5 wpex-mb-5 theme-txt-link local-scroll\"><span class=\"vcex-navbar-link-text\">90's<\/span><\/a><a href=\"#dosmil\" class=\"vcex-navbar-link vcex-navbar-link--3457 wpex-inline-block wpex-mr-5 wpex-mb-5 theme-txt-link local-scroll\"><span class=\"vcex-navbar-link-text\">00's<\/span><\/a><a href=\"#diez\" class=\"vcex-navbar-link vcex-navbar-link--3458 wpex-inline-block wpex-mr-5 wpex-mb-5 theme-txt-link local-scroll\"><span class=\"vcex-navbar-link-text\">10's<\/span><\/a><a href=\"#veinte\" class=\"vcex-navbar-link vcex-navbar-link--3459 wpex-inline-block wpex-mr-5 wpex-mb-5 theme-txt-link local-scroll\"><span class=\"vcex-navbar-link-text\">20's<\/span><\/a><a href=\"#ultimos-proyectos\" class=\"vcex-navbar-link vcex-navbar-link--3777 wpex-inline-block wpex-mr-5 wpex-mb-5 theme-txt-link local-scroll\"><span class=\"vcex-navbar-link-text\">\u00daltimos Proyectos<\/span><\/a><\/div><div class=\"vcex-navbar-mobile-select hidden-desktop wpex-select-wrap\"><select autocomplete=\"off\"><option>60's<\/option><option>70's<\/option><option>80's<\/option><option>90's<\/option><option>00's<\/option><option>10's<\/option><option>20's<\/option><option>\u00daltimos Proyectos<\/option><\/select><div class=\"wpex-select-arrow\"><span class=\"wpex-select-arrow__icon wpex-icon--sm wpex-flex wpex-icon\" aria-hidden=\"true\"><svg viewBox=\"0 0 24 24\" xmlns=\"http:\/\/www.w3.org\/2000\/svg\"><rect fill=\"none\" height=\"24\" width=\"24\"\/><g transform=\"matrix(0, -1, 1, 0, -0.115, 23.885)\"><polygon points=\"17.77,3.77 16,2 6,12 16,22 17.77,20.23 9.54,12\"\/><\/g><\/svg><\/span><\/div><\/div><\/nav>[\/vc_column][\/vc_row][vc_row el_id=&#8221;sesentas&#8221;][vc_column css_animation=&#8221;bottom-to-top&#8221; animation_duration=&#8221;1.5&#8243;][vc_column_text css=&#8221;.vc_custom_1751822593646{margin-bottom: 50px !important;}&#8221; el_class=&#8221;anys&#8221;]\n<h2 style=\"text-align: center;\">60&#8217;s<\/h2>\n[\/vc_column_text]<div class=\"wpex-post-cards wpex-post-cards-template_448 wpb-animate-in-sequence wpex-relative\"><div class=\"wpex-post-cards-inner\"><\/div><\/div>[\/vc_column][\/vc_row][vc_row el_id=&#8221;setentas&#8221;][vc_column css_animation=&#8221;bottom-to-top&#8221; animation_duration=&#8221;1.5&#8243;][vc_column_text css=&#8221;.vc_custom_1751822599150{margin-bottom: 50px !important;}&#8221; el_class=&#8221;anys&#8221;]\n<h2 style=\"text-align: center;\">70&#8217;s<\/h2>\n[\/vc_column_text]<div class=\"wpex-post-cards wpex-post-cards-template_448 wpb-animate-in-sequence wpex-relative\"><div class=\"wpex-post-cards-inner\"><\/div><\/div>[\/vc_column][\/vc_row][vc_row el_id=&#8221;ochentas&#8221;][vc_column css_animation=&#8221;bottom-to-top&#8221; animation_duration=&#8221;1.5&#8243;][vc_column_text css=&#8221;.vc_custom_1752039346808{margin-bottom: 50px !important;}&#8221; el_class=&#8221;anys&#8221;]\n<h2 style=\"text-align: center;\">80&#8217;s<\/h2>\n[\/vc_column_text]<div class=\"wpex-post-cards wpex-post-cards-template_448 wpb-animate-in-sequence wpex-relative\"><div class=\"wpex-post-cards-inner\"><\/div><\/div>[\/vc_column][\/vc_row][vc_row el_id=&#8221;noventas&#8221;][vc_column css_animation=&#8221;bottom-to-top&#8221; animation_duration=&#8221;1.5&#8243;][vc_column_text css=&#8221;.vc_custom_1752039357855{margin-bottom: 50px !important;}&#8221; el_class=&#8221;anys&#8221;]\n<h2 style=\"text-align: center;\">90&#8217;s<\/h2>\n[\/vc_column_text]<div class=\"wpex-post-cards wpex-post-cards-template_448 wpb-animate-in-sequence wpex-relative\"><div class=\"wpex-post-cards-inner\"><\/div><\/div>[\/vc_column][\/vc_row][vc_row el_id=&#8221;dosmil&#8221;][vc_column css_animation=&#8221;bottom-to-top&#8221; animation_duration=&#8221;1.5&#8243;][vc_column_text css=&#8221;.vc_custom_1752039370583{margin-bottom: 50px !important;}&#8221; el_class=&#8221;anys&#8221;]\n<h2 style=\"text-align: center;\">00&#8217;s<\/h2>\n[\/vc_column_text]<div class=\"wpex-post-cards wpex-post-cards-template_448 wpb-animate-in-sequence wpex-relative\"><div class=\"wpex-post-cards-inner\"><\/div><\/div>[\/vc_column][\/vc_row][vc_row el_id=&#8221;diez&#8221;][vc_column css_animation=&#8221;bottom-to-top&#8221; animation_duration=&#8221;1.5&#8243;][vc_column_text css=&#8221;.vc_custom_1752039382215{margin-bottom: 50px !important;}&#8221; el_class=&#8221;anys&#8221;]\n<h2 style=\"text-align: center;\">10&#8217;s<\/h2>\n[\/vc_column_text]<div class=\"wpex-post-cards wpex-post-cards-template_448 wpb-animate-in-sequence wpex-relative\"><div class=\"wpex-post-cards-inner\"><\/div><\/div>[\/vc_column][\/vc_row][vc_row el_id=&#8221;veinte&#8221;][vc_column css_animation=&#8221;bottom-to-top&#8221; animation_duration=&#8221;1.5&#8243;][vc_column_text css=&#8221;.vc_custom_1752039400527{margin-bottom: 50px !important;}&#8221; el_class=&#8221;anys&#8221;]\n<h2 style=\"text-align: center;\">20&#8217;s<\/h2>\n[\/vc_column_text]<div class=\"wpex-post-cards wpex-post-cards-template_448 wpb-animate-in-sequence wpex-relative\"><div class=\"wpex-post-cards-inner\"><\/div><\/div>[\/vc_column][\/vc_row][vc_row el_id=&#8221;ultimos-proyectos&#8221;][vc_column css_animation=&#8221;bottom-to-top&#8221; animation_duration=&#8221;1.5&#8243;][vc_column_text css=&#8221;.vc_custom_1755801997787{margin-bottom: 50px !important;}&#8221; el_class=&#8221;anys&#8221;]\n<h2 style=\"text-align: center;\">Darrers projectes<\/h2>\n[\/vc_column_text]<div class=\"wpex-post-cards wpex-post-cards-template_6184 wpb-animate-in-sequence wpex-relative\"><div class=\"wpex-post-cards-inner\"><\/div><\/div>[\/vc_column][\/vc_row][\/vc_section]\n<\/div>","protected":false},"excerpt":{"rendered":"<p>[vc_section full_height=&#8221;yes&#8221; css=&#8221;.vc_custom_1749661051105{padding-top: 50px !important;padding-bottom: 50px !important;}&#8221; el_id=&#8221;retrospectiva&#8221;][vc_row][vc_column css_animation=&#8221;none&#8221;][vc_column_text css=&#8221;&#8221; el_class=&#8221;titol-seccio&#8221;] Retrospectiva [\/vc_column_text][\/vc_column][\/vc_row][vc_row full_width=&#8221;stretch_row_content_no_spaces&#8221;][vc_column css_animation=&#8221;none&#8221;][\/vc_column][\/vc_row][vc_row el_id=&#8221;sesentas&#8221;][vc_column css_animation=&#8221;bottom-to-top&#8221; animation_duration=&#8221;1.5&#8243;][vc_column_text css=&#8221;.vc_custom_1751822593646{margin-bottom: 50px !important;}&#8221; el_class=&#8221;anys&#8221;] 60&#8217;s [\/vc_column_text][\/vc_column][\/vc_row][vc_row el_id=&#8221;setentas&#8221;][vc_column css_animation=&#8221;bottom-to-top&#8221; animation_duration=&#8221;1.5&#8243;][vc_column_text css=&#8221;.vc_custom_1751822599150{margin-bottom: 50px !important;}&#8221; el_class=&#8221;anys&#8221;] 70&#8217;s [\/vc_column_text][\/vc_column][\/vc_row][vc_row el_id=&#8221;ochentas&#8221;][vc_column css_animation=&#8221;bottom-to-top&#8221; animation_duration=&#8221;1.5&#8243;][vc_column_text css=&#8221;.vc_custom_1752039346808{margin-bottom: 50px !important;}&#8221; el_class=&#8221;anys&#8221;] 80&#8217;s [\/vc_column_text][\/vc_column][\/vc_row][vc_row el_id=&#8221;noventas&#8221;][vc_column css_animation=&#8221;bottom-to-top&#8221; animation_duration=&#8221;1.5&#8243;][vc_column_text css=&#8221;.vc_custom_1752039357855{margin-bottom: 50px !important;}&#8221; el_class=&#8221;anys&#8221;] 90&#8217;s [\/vc_column_text][\/vc_column][\/vc_row][vc_row el_id=&#8221;dosmil&#8221;][vc_column css_animation=&#8221;bottom-to-top&#8221; animation_duration=&#8221;1.5&#8243;][vc_column_text css=&#8221;.vc_custom_1752039370583{margin-bottom:&hellip;<\/p>\n","protected":false},"author":1,"featured_media":5004,"parent":0,"menu_order":0,"comment_status":"closed","ping_status":"closed","template":"","meta":{"inline_featured_image":false,"footnotes":""},"class_list":["post-5008","page","type-page","status-publish","has-post-thumbnail","hentry","entry","has-media"],"yoast_head":"<!-- This site is optimized with the Yoast SEO plugin v27.4 - https:\/\/yoast.com\/product\/yoast-seo-wordpress\/ -->\n<title>SANTOS I\u00d1URRIETA - Obra - Retrospectiva<\/title>\n<meta name=\"description\" content=\"Santos I\u00f1urrieta - Retrospectiva - Obres significatives de les diferents etapes creatives de Santos classificades per d\u00e8cades.\" \/>\n<meta name=\"robots\" content=\"index, follow, max-snippet:-1, max-image-preview:large, max-video-preview:-1\" \/>\n<link rel=\"canonical\" href=\"https:\/\/santosinurrieta.com\/ca\/retrospectiva\/\" \/>\n<meta property=\"og:locale\" content=\"ca_ES\" \/>\n<meta property=\"og:type\" content=\"article\" \/>\n<meta property=\"og:title\" content=\"SANTOS I\u00d1URRIETA - Obra - Retrospectiva\" \/>\n<meta property=\"og:description\" content=\"Santos I\u00f1urrieta - Retrospectiva - Obres significatives de les diferents etapes creatives de Santos classificades per d\u00e8cades.\" \/>\n<meta property=\"og:url\" content=\"https:\/\/santosinurrieta.com\/ca\/retrospectiva\/\" \/>\n<meta property=\"og:site_name\" content=\"SANTOS I\u00d1URRIETA\" \/>\n<meta property=\"article:modified_time\" content=\"2025-08-21T18:47:59+00:00\" \/>\n<meta property=\"og:image\" content=\"https:\/\/santosinurrieta.com\/wp-content\/uploads\/2024\/12\/santos-inurrieta-web.jpg\" \/>\n\t<meta property=\"og:image:width\" content=\"511\" \/>\n\t<meta property=\"og:image:height\" content=\"511\" \/>\n\t<meta property=\"og:image:type\" content=\"image\/jpeg\" \/>\n<meta name=\"twitter:card\" content=\"summary_large_image\" \/>\n<meta name=\"twitter:label1\" content=\"Temps estimat de lectura\" \/>\n\t<meta name=\"twitter:data1\" content=\"3 minuts\" \/>\n<script type=\"application\/ld+json\" class=\"yoast-schema-graph\">{\"@context\":\"https:\\\/\\\/schema.org\",\"@graph\":[{\"@type\":\"WebPage\",\"@id\":\"https:\\\/\\\/santosinurrieta.com\\\/ca\\\/retrospectiva\\\/\",\"url\":\"https:\\\/\\\/santosinurrieta.com\\\/ca\\\/retrospectiva\\\/\",\"name\":\"SANTOS I\u00d1URRIETA - Obra - Retrospectiva\",\"isPartOf\":{\"@id\":\"https:\\\/\\\/santosinurrieta.com\\\/ca\\\/#website\"},\"primaryImageOfPage\":{\"@id\":\"https:\\\/\\\/santosinurrieta.com\\\/ca\\\/retrospectiva\\\/#primaryimage\"},\"image\":{\"@id\":\"https:\\\/\\\/santosinurrieta.com\\\/ca\\\/retrospectiva\\\/#primaryimage\"},\"thumbnailUrl\":\"https:\\\/\\\/santosinurrieta.com\\\/wp-content\\\/uploads\\\/2024\\\/12\\\/santos-inurrieta-web.jpg\",\"datePublished\":\"2025-06-11T14:59:09+00:00\",\"dateModified\":\"2025-08-21T18:47:59+00:00\",\"description\":\"Santos I\u00f1urrieta - Retrospectiva - Obres significatives de les diferents etapes creatives de Santos classificades per d\u00e8cades.\",\"breadcrumb\":{\"@id\":\"https:\\\/\\\/santosinurrieta.com\\\/ca\\\/retrospectiva\\\/#breadcrumb\"},\"inLanguage\":\"ca\",\"potentialAction\":[{\"@type\":\"ReadAction\",\"target\":[\"https:\\\/\\\/santosinurrieta.com\\\/ca\\\/retrospectiva\\\/\"]}]},{\"@type\":\"ImageObject\",\"inLanguage\":\"ca\",\"@id\":\"https:\\\/\\\/santosinurrieta.com\\\/ca\\\/retrospectiva\\\/#primaryimage\",\"url\":\"https:\\\/\\\/santosinurrieta.com\\\/wp-content\\\/uploads\\\/2024\\\/12\\\/santos-inurrieta-web.jpg\",\"contentUrl\":\"https:\\\/\\\/santosinurrieta.com\\\/wp-content\\\/uploads\\\/2024\\\/12\\\/santos-inurrieta-web.jpg\",\"width\":511,\"height\":511},{\"@type\":\"BreadcrumbList\",\"@id\":\"https:\\\/\\\/santosinurrieta.com\\\/ca\\\/retrospectiva\\\/#breadcrumb\",\"itemListElement\":[{\"@type\":\"ListItem\",\"position\":1,\"name\":\"Inici\",\"item\":\"https:\\\/\\\/santosinurrieta.com\\\/ca\\\/inici\\\/\"},{\"@type\":\"ListItem\",\"position\":2,\"name\":\"Retrospectiva\"}]},{\"@type\":\"WebSite\",\"@id\":\"https:\\\/\\\/santosinurrieta.com\\\/ca\\\/#website\",\"url\":\"https:\\\/\\\/santosinurrieta.com\\\/ca\\\/\",\"name\":\"Santos I\u00f1urrieta\",\"description\":\"Pintura\",\"publisher\":{\"@id\":\"https:\\\/\\\/santosinurrieta.com\\\/ca\\\/#organization\"},\"potentialAction\":[{\"@type\":\"SearchAction\",\"target\":{\"@type\":\"EntryPoint\",\"urlTemplate\":\"https:\\\/\\\/santosinurrieta.com\\\/ca\\\/?s={search_term_string}\"},\"query-input\":{\"@type\":\"PropertyValueSpecification\",\"valueRequired\":true,\"valueName\":\"search_term_string\"}}],\"inLanguage\":\"ca\"},{\"@type\":\"Organization\",\"@id\":\"https:\\\/\\\/santosinurrieta.com\\\/ca\\\/#organization\",\"name\":\"Santos I\u00f1urrieta\",\"url\":\"https:\\\/\\\/santosinurrieta.com\\\/ca\\\/\",\"logo\":{\"@type\":\"ImageObject\",\"inLanguage\":\"ca\",\"@id\":\"https:\\\/\\\/santosinurrieta.com\\\/ca\\\/#\\\/schema\\\/logo\\\/image\\\/\",\"url\":\"https:\\\/\\\/santosinurrieta.com\\\/wp-content\\\/uploads\\\/2024\\\/12\\\/santos-inurrieta-web.jpg\",\"contentUrl\":\"https:\\\/\\\/santosinurrieta.com\\\/wp-content\\\/uploads\\\/2024\\\/12\\\/santos-inurrieta-web.jpg\",\"width\":511,\"height\":511,\"caption\":\"Santos I\u00f1urrieta\"},\"image\":{\"@id\":\"https:\\\/\\\/santosinurrieta.com\\\/ca\\\/#\\\/schema\\\/logo\\\/image\\\/\"},\"sameAs\":[\"https:\\\/\\\/www.instagram.com\\\/santos_inurrieta\\\/\"]}]}<\/script>\n<!-- \/ Yoast SEO plugin. -->","yoast_head_json":{"title":"SANTOS I\u00d1URRIETA - Obra - Retrospectiva","description":"Santos I\u00f1urrieta - Retrospectiva - Obres significatives de les diferents etapes creatives de Santos classificades per d\u00e8cades.","robots":{"index":"index","follow":"follow","max-snippet":"max-snippet:-1","max-image-preview":"max-image-preview:large","max-video-preview":"max-video-preview:-1"},"canonical":"https:\/\/santosinurrieta.com\/ca\/retrospectiva\/","og_locale":"ca_ES","og_type":"article","og_title":"SANTOS I\u00d1URRIETA - Obra - Retrospectiva","og_description":"Santos I\u00f1urrieta - Retrospectiva - Obres significatives de les diferents etapes creatives de Santos classificades per d\u00e8cades.","og_url":"https:\/\/santosinurrieta.com\/ca\/retrospectiva\/","og_site_name":"SANTOS I\u00d1URRIETA","article_modified_time":"2025-08-21T18:47:59+00:00","og_image":[{"width":511,"height":511,"url":"https:\/\/santosinurrieta.com\/wp-content\/uploads\/2024\/12\/santos-inurrieta-web.jpg","type":"image\/jpeg"}],"twitter_card":"summary_large_image","twitter_misc":{"Temps estimat de lectura":"3 minuts"},"schema":{"@context":"https:\/\/schema.org","@graph":[{"@type":"WebPage","@id":"https:\/\/santosinurrieta.com\/ca\/retrospectiva\/","url":"https:\/\/santosinurrieta.com\/ca\/retrospectiva\/","name":"SANTOS I\u00d1URRIETA - Obra - Retrospectiva","isPartOf":{"@id":"https:\/\/santosinurrieta.com\/ca\/#website"},"primaryImageOfPage":{"@id":"https:\/\/santosinurrieta.com\/ca\/retrospectiva\/#primaryimage"},"image":{"@id":"https:\/\/santosinurrieta.com\/ca\/retrospectiva\/#primaryimage"},"thumbnailUrl":"https:\/\/santosinurrieta.com\/wp-content\/uploads\/2024\/12\/santos-inurrieta-web.jpg","datePublished":"2025-06-11T14:59:09+00:00","dateModified":"2025-08-21T18:47:59+00:00","description":"Santos I\u00f1urrieta - Retrospectiva - Obres significatives de les diferents etapes creatives de Santos classificades per d\u00e8cades.","breadcrumb":{"@id":"https:\/\/santosinurrieta.com\/ca\/retrospectiva\/#breadcrumb"},"inLanguage":"ca","potentialAction":[{"@type":"ReadAction","target":["https:\/\/santosinurrieta.com\/ca\/retrospectiva\/"]}]},{"@type":"ImageObject","inLanguage":"ca","@id":"https:\/\/santosinurrieta.com\/ca\/retrospectiva\/#primaryimage","url":"https:\/\/santosinurrieta.com\/wp-content\/uploads\/2024\/12\/santos-inurrieta-web.jpg","contentUrl":"https:\/\/santosinurrieta.com\/wp-content\/uploads\/2024\/12\/santos-inurrieta-web.jpg","width":511,"height":511},{"@type":"BreadcrumbList","@id":"https:\/\/santosinurrieta.com\/ca\/retrospectiva\/#breadcrumb","itemListElement":[{"@type":"ListItem","position":1,"name":"Inici","item":"https:\/\/santosinurrieta.com\/ca\/inici\/"},{"@type":"ListItem","position":2,"name":"Retrospectiva"}]},{"@type":"WebSite","@id":"https:\/\/santosinurrieta.com\/ca\/#website","url":"https:\/\/santosinurrieta.com\/ca\/","name":"Santos I\u00f1urrieta","description":"Pintura","publisher":{"@id":"https:\/\/santosinurrieta.com\/ca\/#organization"},"potentialAction":[{"@type":"SearchAction","target":{"@type":"EntryPoint","urlTemplate":"https:\/\/santosinurrieta.com\/ca\/?s={search_term_string}"},"query-input":{"@type":"PropertyValueSpecification","valueRequired":true,"valueName":"search_term_string"}}],"inLanguage":"ca"},{"@type":"Organization","@id":"https:\/\/santosinurrieta.com\/ca\/#organization","name":"Santos I\u00f1urrieta","url":"https:\/\/santosinurrieta.com\/ca\/","logo":{"@type":"ImageObject","inLanguage":"ca","@id":"https:\/\/santosinurrieta.com\/ca\/#\/schema\/logo\/image\/","url":"https:\/\/santosinurrieta.com\/wp-content\/uploads\/2024\/12\/santos-inurrieta-web.jpg","contentUrl":"https:\/\/santosinurrieta.com\/wp-content\/uploads\/2024\/12\/santos-inurrieta-web.jpg","width":511,"height":511,"caption":"Santos I\u00f1urrieta"},"image":{"@id":"https:\/\/santosinurrieta.com\/ca\/#\/schema\/logo\/image\/"},"sameAs":["https:\/\/www.instagram.com\/santos_inurrieta\/"]}]}},"_links":{"self":[{"href":"https:\/\/santosinurrieta.com\/ca\/wp-json\/wp\/v2\/pages\/5008","targetHints":{"allow":["GET"]}}],"collection":[{"href":"https:\/\/santosinurrieta.com\/ca\/wp-json\/wp\/v2\/pages"}],"about":[{"href":"https:\/\/santosinurrieta.com\/ca\/wp-json\/wp\/v2\/types\/page"}],"author":[{"embeddable":true,"href":"https:\/\/santosinurrieta.com\/ca\/wp-json\/wp\/v2\/users\/1"}],"replies":[{"embeddable":true,"href":"https:\/\/santosinurrieta.com\/ca\/wp-json\/wp\/v2\/comments?post=5008"}],"version-history":[{"count":4,"href":"https:\/\/santosinurrieta.com\/ca\/wp-json\/wp\/v2\/pages\/5008\/revisions"}],"predecessor-version":[{"id":6190,"href":"https:\/\/santosinurrieta.com\/ca\/wp-json\/wp\/v2\/pages\/5008\/revisions\/6190"}],"wp:featuredmedia":[{"embeddable":true,"href":"https:\/\/santosinurrieta.com\/ca\/wp-json\/wp\/v2\/media\/5004"}],"wp:attachment":[{"href":"https:\/\/santosinurrieta.com\/ca\/wp-json\/wp\/v2\/media?parent=5008"}],"curies":[{"name":"wp","href":"https:\/\/api.w.org\/{rel}","templated":true}]}}