{"id":360,"date":"2023-10-02T18:22:28","date_gmt":"2023-10-02T16:22:28","guid":{"rendered":"https:\/\/santosinurrieta.com\/?page_id=360"},"modified":"2025-02-12T13:05:28","modified_gmt":"2025-02-12T11:05:28","slug":"accesibilidad","status":"publish","type":"page","link":"https:\/\/santosinurrieta.com\/ca\/accesibilidad\/","title":{"rendered":"Accesibilidad"},"content":{"rendered":"<div class=\"wpb-content-wrapper\">[vc_section full_height=&#8221;yes&#8221; css=&#8221;.vc_custom_1695135764564{padding-top: 50px !important;padding-bottom: 50px !important;}&#8221;][vc_row][vc_column][vc_column_text css=&#8221;&#8221; el_class=&#8221;titol-text&#8221;]\n<h1>Accesibilidad<\/h1>\n[\/vc_column_text][vc_column_text css=&#8221;&#8221; el_class=&#8221;text&#8221;]La presente declaraci\u00f3n de accesibilidad se aplica al sitio web <strong>www.santosinurrieta.com<\/strong>:<\/p>\n<p><strong>SITUACI\u00d3N DE CUMPLIMIENTO<\/strong><\/p>\n<p>Este sitio web es parcialmente conforme con el\u00a0<a href=\"http:\/\/www.boe.es\/diario_boe\/txt.php?id=BOE-A-2018-12699\"><strong>RD 1112\/2018<\/strong><\/a>\u00a0debido a las excepciones y a la falta de conformidad de los aspectos que se indican en el siguiente punto.<\/p>\n<p><strong>CONTENIDO NO ACCESIBLE<\/strong><\/p>\n<p>El contenido que se recoge a continuaci\u00f3n no es accesible por lo siguiente:<\/p>\n<p>&#8211; Falta de conformidad con el RD 1112\/2018<\/p>\n<p>Podr\u00edan existir algunos aspectos de contraste que no cumplan los m\u00ednimos exigidos, 3:1, con respecto a los colores adyacentes del fondo de la secci\u00f3n de la web en cuesti\u00f3n. [9.1.4.11 Contraste no textual]\n<p>Podr\u00edan existir algunas etiquetas o instrucciones no etiquetadas correctamente [9.3.3.2 Etiquetas o instrucciones]\n<p>Podr\u00edan existir mensajes de estado que no cumplan con los m\u00ednimos exigidos [9.4.1.3 Mensajes de estado]\n<p>Podr\u00edan existir sugerencias ante errores que no cumplan con los m\u00ednimos exigidos [9.3.3.3 Sugerencias ante errores (condicional)]\n<p>Podr\u00edan existir fallos en la navegaci\u00f3n secuencial por la p\u00e1gina web afectando a su significado o su operaci\u00f3n [9.2.4.3 Orden del foco]\n<p>No es posible evitar que las personas que interact\u00faan mediante entradas de voz activen los elementos de interacci\u00f3n de forma accidental [requisito 9.2.1.4 &#8211; Atajos con teclas de caracteres]\n<p>&#8211; Podr\u00edan existir fallos puntuales de edici\u00f3n en alguna p\u00e1gina web<\/p>\n<p>Carga desproporcionada<\/p>\n<p>No aplica.<\/p>\n<p><strong>PREPARACI\u00d3N DE LA SIGUIENTE DECLARACI\u00d3N DE ACCESIBILIDAD<\/strong><\/p>\n<p>La presente declaraci\u00f3n fue preparada el 9 de mayo de 2023.<\/p>\n<p>El m\u00e9todo empleado para preparar la declaraci\u00f3n ha sido una autoevaluaci\u00f3n llevada a cabo por la propia empresa.<\/p>\n<p><strong>OBSERVACIONES Y DATOS DE CONTACTO<\/strong><\/p>\n<p>Puede realizar comunicaciones sobre requisitos de accesibilidad (art\u00edculo 10.2.a del RD 1112\/2018) como, por ejemplo:<\/p>\n<p>&#8211; Informar sobre cualquier posible incumplimiento por parte de este sitio web<br \/>\n&#8211; Transmitir otras dificultades de acceso al contenido<br \/>\n&#8211; Formular cualquier otra consulta o sugerencia de mejora relativa a la accesibilidad del sitio web<\/p>\n<p>A trav\u00e9s del email de contacto info@jaumejuan.com.<\/p>\n<p>Puede presentar:<\/p>\n<p><strong>&#8211; Queja <\/strong>relativa al cumplimiento de los requisitos del RD 1112\/2018 o<br \/>\n<strong>&#8211; Solicitud de Informaci\u00f3n accesible <\/strong>relativa a:<\/p>\n<p>Contenidos\u00a0que est\u00e1n\u00a0excluidos\u00a0del\u00a0\u00e1mbito de aplicaci\u00f3n\u00a0del RD 1112\/2018 seg\u00fan lo establecido por el art\u00edculo 3, apartado 4<\/p>\n<p>Contenidos\u00a0que est\u00e1n\u00a0exentos\u00a0del\u00a0cumplimiento\u00a0de los requisitos de accesibilidad por imponer una\u00a0carga desproporcionada.<\/p>\n<p>En la Solicitud de informaci\u00f3n accesible, se debe concretar, con toda claridad, los hechos, razones y petici\u00f3n que permitan constatar que se trata de una solicitud razonable y leg\u00edtima.<\/p>\n<p>Las quejas y reclamaciones sobre informaci\u00f3n accesible\u00a0se realizar\u00e1n a trav\u00e9s del email anterior.<\/p>\n<p><strong>PROCEDIMIENTO DE APLICACI\u00d3N<\/strong><\/p>\n<p>Si una vez realizada una solicitud de informaci\u00f3n accesible o queja, \u00e9sta hubiera sido desestimada, no se estuviera de acuerdo con la decisi\u00f3n adoptada, o la respuesta no cumpliera los requisitos contemplados en el art\u00edculo 12.5, la persona interesada podr\u00e1 iniciar una reclamaci\u00f3n. Igualmente se podr\u00e1 iniciar una reclamaci\u00f3n en el caso de que haya transcurrido el plazo de veinte d\u00edas h\u00e1biles sin haber obtenido respuesta.[\/vc_column_text][\/vc_column][\/vc_row][\/vc_section]\n<\/div>","protected":false},"excerpt":{"rendered":"<p>[vc_section full_height=&#8221;yes&#8221; css=&#8221;.vc_custom_1695135764564{padding-top: 50px !important;padding-bottom: 50px !important;}&#8221;][vc_row][vc_column][vc_column_text css=&#8221;&#8221; el_class=&#8221;titol-text&#8221;] Accesibilidad [\/vc_column_text][vc_column_text css=&#8221;&#8221; el_class=&#8221;text&#8221;]La presente declaraci\u00f3n de accesibilidad se aplica al sitio web www.santosinurrieta.com: SITUACI\u00d3N DE CUMPLIMIENTO Este sitio web es parcialmente conforme con el\u00a0RD 1112\/2018\u00a0debido a las excepciones y a la falta de conformidad de los aspectos que se indican en el siguiente punto. CONTENIDO&hellip;<\/p>\n","protected":false},"author":1,"featured_media":0,"parent":0,"menu_order":0,"comment_status":"closed","ping_status":"closed","template":"","meta":{"inline_featured_image":false,"footnotes":""},"class_list":["post-360","page","type-page","status-publish","hentry","entry","no-media"],"yoast_head":"<!-- This site is optimized with the Yoast SEO plugin v27.4 - https:\/\/yoast.com\/product\/yoast-seo-wordpress\/ -->\n<title>Accesibilidad - SANTOS I\u00d1URRIETA<\/title>\n<meta name=\"robots\" content=\"index, follow, max-snippet:-1, max-image-preview:large, max-video-preview:-1\" \/>\n<link rel=\"canonical\" href=\"https:\/\/santosinurrieta.com\/ca\/accesibilidad\/\" \/>\n<meta property=\"og:locale\" content=\"ca_ES\" \/>\n<meta property=\"og:type\" content=\"article\" \/>\n<meta property=\"og:title\" content=\"Accesibilidad - SANTOS I\u00d1URRIETA\" \/>\n<meta property=\"og:description\" content=\"[vc_section full_height=&#8221;yes&#8221; css=&#8221;.vc_custom_1695135764564{padding-top: 50px !important;padding-bottom: 50px !important;}&#8221;][vc_row][vc_column][vc_column_text css=&#8221;&#8221; el_class=&#8221;titol-text&#8221;] Accesibilidad [\/vc_column_text][vc_column_text css=&#8221;&#8221; el_class=&#8221;text&#8221;]La presente declaraci\u00f3n de accesibilidad se aplica al sitio web www.santosinurrieta.com: SITUACI\u00d3N DE CUMPLIMIENTO Este sitio web es parcialmente conforme con el\u00a0RD 1112\/2018\u00a0debido a las excepciones y a la falta de conformidad de los aspectos que se indican en el siguiente punto. CONTENIDO&hellip;\" \/>\n<meta property=\"og:url\" content=\"https:\/\/santosinurrieta.com\/ca\/accesibilidad\/\" \/>\n<meta property=\"og:site_name\" content=\"SANTOS I\u00d1URRIETA\" \/>\n<meta property=\"article:modified_time\" content=\"2025-02-12T11:05:28+00:00\" \/>\n<meta name=\"twitter:card\" content=\"summary_large_image\" \/>\n<meta name=\"twitter:label1\" content=\"Temps estimat de lectura\" \/>\n\t<meta name=\"twitter:data1\" content=\"3 minuts\" \/>\n<script type=\"application\/ld+json\" class=\"yoast-schema-graph\">{\"@context\":\"https:\\\/\\\/schema.org\",\"@graph\":[{\"@type\":\"WebPage\",\"@id\":\"https:\\\/\\\/santosinurrieta.com\\\/ca\\\/accesibilidad\\\/\",\"url\":\"https:\\\/\\\/santosinurrieta.com\\\/ca\\\/accesibilidad\\\/\",\"name\":\"Accesibilidad - SANTOS I\u00d1URRIETA\",\"isPartOf\":{\"@id\":\"https:\\\/\\\/santosinurrieta.com\\\/ca\\\/#website\"},\"datePublished\":\"2023-10-02T16:22:28+00:00\",\"dateModified\":\"2025-02-12T11:05:28+00:00\",\"breadcrumb\":{\"@id\":\"https:\\\/\\\/santosinurrieta.com\\\/ca\\\/accesibilidad\\\/#breadcrumb\"},\"inLanguage\":\"ca\",\"potentialAction\":[{\"@type\":\"ReadAction\",\"target\":[\"https:\\\/\\\/santosinurrieta.com\\\/ca\\\/accesibilidad\\\/\"]}]},{\"@type\":\"BreadcrumbList\",\"@id\":\"https:\\\/\\\/santosinurrieta.com\\\/ca\\\/accesibilidad\\\/#breadcrumb\",\"itemListElement\":[{\"@type\":\"ListItem\",\"position\":1,\"name\":\"Inici\",\"item\":\"https:\\\/\\\/santosinurrieta.com\\\/ca\\\/inici\\\/\"},{\"@type\":\"ListItem\",\"position\":2,\"name\":\"Accesibilidad\"}]},{\"@type\":\"WebSite\",\"@id\":\"https:\\\/\\\/santosinurrieta.com\\\/ca\\\/#website\",\"url\":\"https:\\\/\\\/santosinurrieta.com\\\/ca\\\/\",\"name\":\"Santos I\u00f1urrieta\",\"description\":\"Pintura\",\"publisher\":{\"@id\":\"https:\\\/\\\/santosinurrieta.com\\\/ca\\\/#organization\"},\"potentialAction\":[{\"@type\":\"SearchAction\",\"target\":{\"@type\":\"EntryPoint\",\"urlTemplate\":\"https:\\\/\\\/santosinurrieta.com\\\/ca\\\/?s={search_term_string}\"},\"query-input\":{\"@type\":\"PropertyValueSpecification\",\"valueRequired\":true,\"valueName\":\"search_term_string\"}}],\"inLanguage\":\"ca\"},{\"@type\":\"Organization\",\"@id\":\"https:\\\/\\\/santosinurrieta.com\\\/ca\\\/#organization\",\"name\":\"Santos I\u00f1urrieta\",\"url\":\"https:\\\/\\\/santosinurrieta.com\\\/ca\\\/\",\"logo\":{\"@type\":\"ImageObject\",\"inLanguage\":\"ca\",\"@id\":\"https:\\\/\\\/santosinurrieta.com\\\/ca\\\/#\\\/schema\\\/logo\\\/image\\\/\",\"url\":\"https:\\\/\\\/santosinurrieta.com\\\/wp-content\\\/uploads\\\/2024\\\/12\\\/santos-inurrieta-web.jpg\",\"contentUrl\":\"https:\\\/\\\/santosinurrieta.com\\\/wp-content\\\/uploads\\\/2024\\\/12\\\/santos-inurrieta-web.jpg\",\"width\":511,\"height\":511,\"caption\":\"Santos I\u00f1urrieta\"},\"image\":{\"@id\":\"https:\\\/\\\/santosinurrieta.com\\\/ca\\\/#\\\/schema\\\/logo\\\/image\\\/\"},\"sameAs\":[\"https:\\\/\\\/www.instagram.com\\\/santos_inurrieta\\\/\"]}]}<\/script>\n<!-- \/ Yoast SEO plugin. -->","yoast_head_json":{"title":"Accesibilidad - SANTOS I\u00d1URRIETA","robots":{"index":"index","follow":"follow","max-snippet":"max-snippet:-1","max-image-preview":"max-image-preview:large","max-video-preview":"max-video-preview:-1"},"canonical":"https:\/\/santosinurrieta.com\/ca\/accesibilidad\/","og_locale":"ca_ES","og_type":"article","og_title":"Accesibilidad - SANTOS I\u00d1URRIETA","og_description":"[vc_section full_height=&#8221;yes&#8221; css=&#8221;.vc_custom_1695135764564{padding-top: 50px !important;padding-bottom: 50px !important;}&#8221;][vc_row][vc_column][vc_column_text css=&#8221;&#8221; el_class=&#8221;titol-text&#8221;] Accesibilidad [\/vc_column_text][vc_column_text css=&#8221;&#8221; el_class=&#8221;text&#8221;]La presente declaraci\u00f3n de accesibilidad se aplica al sitio web www.santosinurrieta.com: SITUACI\u00d3N DE CUMPLIMIENTO Este sitio web es parcialmente conforme con el\u00a0RD 1112\/2018\u00a0debido a las excepciones y a la falta de conformidad de los aspectos que se indican en el siguiente punto. CONTENIDO&hellip;","og_url":"https:\/\/santosinurrieta.com\/ca\/accesibilidad\/","og_site_name":"SANTOS I\u00d1URRIETA","article_modified_time":"2025-02-12T11:05:28+00:00","twitter_card":"summary_large_image","twitter_misc":{"Temps estimat de lectura":"3 minuts"},"schema":{"@context":"https:\/\/schema.org","@graph":[{"@type":"WebPage","@id":"https:\/\/santosinurrieta.com\/ca\/accesibilidad\/","url":"https:\/\/santosinurrieta.com\/ca\/accesibilidad\/","name":"Accesibilidad - SANTOS I\u00d1URRIETA","isPartOf":{"@id":"https:\/\/santosinurrieta.com\/ca\/#website"},"datePublished":"2023-10-02T16:22:28+00:00","dateModified":"2025-02-12T11:05:28+00:00","breadcrumb":{"@id":"https:\/\/santosinurrieta.com\/ca\/accesibilidad\/#breadcrumb"},"inLanguage":"ca","potentialAction":[{"@type":"ReadAction","target":["https:\/\/santosinurrieta.com\/ca\/accesibilidad\/"]}]},{"@type":"BreadcrumbList","@id":"https:\/\/santosinurrieta.com\/ca\/accesibilidad\/#breadcrumb","itemListElement":[{"@type":"ListItem","position":1,"name":"Inici","item":"https:\/\/santosinurrieta.com\/ca\/inici\/"},{"@type":"ListItem","position":2,"name":"Accesibilidad"}]},{"@type":"WebSite","@id":"https:\/\/santosinurrieta.com\/ca\/#website","url":"https:\/\/santosinurrieta.com\/ca\/","name":"Santos I\u00f1urrieta","description":"Pintura","publisher":{"@id":"https:\/\/santosinurrieta.com\/ca\/#organization"},"potentialAction":[{"@type":"SearchAction","target":{"@type":"EntryPoint","urlTemplate":"https:\/\/santosinurrieta.com\/ca\/?s={search_term_string}"},"query-input":{"@type":"PropertyValueSpecification","valueRequired":true,"valueName":"search_term_string"}}],"inLanguage":"ca"},{"@type":"Organization","@id":"https:\/\/santosinurrieta.com\/ca\/#organization","name":"Santos I\u00f1urrieta","url":"https:\/\/santosinurrieta.com\/ca\/","logo":{"@type":"ImageObject","inLanguage":"ca","@id":"https:\/\/santosinurrieta.com\/ca\/#\/schema\/logo\/image\/","url":"https:\/\/santosinurrieta.com\/wp-content\/uploads\/2024\/12\/santos-inurrieta-web.jpg","contentUrl":"https:\/\/santosinurrieta.com\/wp-content\/uploads\/2024\/12\/santos-inurrieta-web.jpg","width":511,"height":511,"caption":"Santos I\u00f1urrieta"},"image":{"@id":"https:\/\/santosinurrieta.com\/ca\/#\/schema\/logo\/image\/"},"sameAs":["https:\/\/www.instagram.com\/santos_inurrieta\/"]}]}},"_links":{"self":[{"href":"https:\/\/santosinurrieta.com\/ca\/wp-json\/wp\/v2\/pages\/360","targetHints":{"allow":["GET"]}}],"collection":[{"href":"https:\/\/santosinurrieta.com\/ca\/wp-json\/wp\/v2\/pages"}],"about":[{"href":"https:\/\/santosinurrieta.com\/ca\/wp-json\/wp\/v2\/types\/page"}],"author":[{"embeddable":true,"href":"https:\/\/santosinurrieta.com\/ca\/wp-json\/wp\/v2\/users\/1"}],"replies":[{"embeddable":true,"href":"https:\/\/santosinurrieta.com\/ca\/wp-json\/wp\/v2\/comments?post=360"}],"version-history":[{"count":5,"href":"https:\/\/santosinurrieta.com\/ca\/wp-json\/wp\/v2\/pages\/360\/revisions"}],"predecessor-version":[{"id":1865,"href":"https:\/\/santosinurrieta.com\/ca\/wp-json\/wp\/v2\/pages\/360\/revisions\/1865"}],"wp:attachment":[{"href":"https:\/\/santosinurrieta.com\/ca\/wp-json\/wp\/v2\/media?parent=360"}],"curies":[{"name":"wp","href":"https:\/\/api.w.org\/{rel}","templated":true}]}}